{"id":435,"date":"2024-05-30T09:58:49","date_gmt":"2024-05-30T09:58:49","guid":{"rendered":"https:\/\/themexriver.com\/wp\/kadu\/?post_type=product&#038;p=435"},"modified":"2025-02-07T02:02:17","modified_gmt":"2025-02-07T02:02:17","slug":"citizenship-preparation","status":"publish","type":"product","link":"https:\/\/handylanguagec.com\/en\/product\/citizenship-preparation\/","title":{"rendered":"Citizenship Preparation"},"content":{"rendered":"<p class=\"whitespace-pre-wrap break-words\">\u00bfEst\u00e1s en el proceso de obtener tu ciudadan\u00eda? \u00a1Te ayudamos a prepararte para este importante paso con clases privadas y personalizadas!<\/p>\n<p class=\"whitespace-pre-wrap break-words\"><strong>Programa completo que incluye:<\/strong><\/p>\n<ul class=\"[&amp;:not(:last-child)_ul]:pb-1 [&amp;:not(:last-child)_ol]:pb-1 list-disc space-y-1.5 pl-7\">\n<li class=\"whitespace-normal break-words\">8 clases privadas (16 horas totales)<\/li>\n<li class=\"whitespace-normal break-words\">Atenci\u00f3n uno a uno con un profesor especializado<\/li>\n<li class=\"whitespace-normal break-words\">Preparaci\u00f3n integral para:\n<ul class=\"[&amp;:not(:last-child)_ul]:pb-1 [&amp;:not(:last-child)_ol]:pb-1 list-disc space-y-1.5 pl-7\">\n<li class=\"whitespace-normal break-words\">100 preguntas c\u00edvicas<\/li>\n<li class=\"whitespace-normal break-words\">Examen escrito<\/li>\n<li class=\"whitespace-normal break-words\">Examen de lectura<\/li>\n<li class=\"whitespace-normal break-words\">Formulario N-400<\/li>\n<li class=\"whitespace-normal break-words\">Simulacros de entrevista<\/li>\n<\/ul>\n<\/li>\n<\/ul>\n<p class=\"whitespace-pre-wrap break-words\"><strong>Ventajas exclusivas:<\/strong><\/p>\n<ul class=\"[&amp;:not(:last-child)_ul]:pb-1 [&amp;:not(:last-child)_ol]:pb-1 list-disc space-y-1.5 pl-7\">\n<li class=\"whitespace-normal break-words\">Clases presenciales en Katy o Wollowbrook<\/li>\n<li class=\"whitespace-normal break-words\">Atenci\u00f3n personalizada<\/li>\n<li class=\"whitespace-normal break-words\">\u00a1Experiencia comprobada preparando estudiantes exitosos!<\/li>\n<\/ul>\n<p>En HLC no solo ense\u00f1amos ingl\u00e9s, \u00a1te damos las herramientas para triunfar! Ya sea para mejorar en tu trabajo, conseguir un ascenso o simplemente comunicarte mejor en tu d\u00eda a d\u00eda, estamos aqu\u00ed para apoyarte en cada paso del camino.<\/p>\n","protected":false},"excerpt":{"rendered":"<p>Prepare for the citizenship test with 8 private classes (16 hours) one-on-one. Includes complete preparation for interview, written test and civics questions.<\/p>","protected":false},"featured_media":2859,"comment_status":"open","ping_status":"closed","template":"","meta":[],"product_brand":[],"product_cat":[83],"product_tag":[85,84,86,71,68,76,74,75],"class_list":{"0":"post-435","1":"product","2":"type-product","3":"status-publish","4":"has-post-thumbnail","6":"product_cat-citizenship-preparation","7":"product_tag-citizenship-preparation","8":"product_tag-ciudadania","9":"product_tag-english-preparation","10":"product_tag-handy-language-center","11":"product_tag-hlc","12":"product_tag-houston","13":"product_tag-katy","14":"product_tag-willowbrook","16":"first","17":"instock","18":"sale","19":"virtual","20":"purchasable","21":"product-type-simple"},"jetpack_sharing_enabled":true,"_links":{"self":[{"href":"https:\/\/handylanguagec.com\/en\/wp-json\/wp\/v2\/product\/435","targetHints":{"allow":["GET"]}}],"collection":[{"href":"https:\/\/handylanguagec.com\/en\/wp-json\/wp\/v2\/product"}],"about":[{"href":"https:\/\/handylanguagec.com\/en\/wp-json\/wp\/v2\/types\/product"}],"replies":[{"embeddable":true,"href":"https:\/\/handylanguagec.com\/en\/wp-json\/wp\/v2\/comments?post=435"}],"wp:featuredmedia":[{"embeddable":true,"href":"https:\/\/handylanguagec.com\/en\/wp-json\/wp\/v2\/media\/2859"}],"wp:attachment":[{"href":"https:\/\/handylanguagec.com\/en\/wp-json\/wp\/v2\/media?parent=435"}],"wp:term":[{"taxonomy":"product_brand","embeddable":true,"href":"https:\/\/handylanguagec.com\/en\/wp-json\/wp\/v2\/product_brand?post=435"},{"taxonomy":"product_cat","embeddable":true,"href":"https:\/\/handylanguagec.com\/en\/wp-json\/wp\/v2\/product_cat?post=435"},{"taxonomy":"product_tag","embeddable":true,"href":"https:\/\/handylanguagec.com\/en\/wp-json\/wp\/v2\/product_tag?post=435"}],"curies":[{"name":"wp","href":"https:\/\/api.w.org\/{rel}","templated":true}]}}