{"id":1697,"date":"2024-06-10T05:50:36","date_gmt":"2024-06-10T05:50:36","guid":{"rendered":"https:\/\/themexriver.com\/wp\/kadu\/?post_type=product&#038;p=1697"},"modified":"2025-02-07T17:02:03","modified_gmt":"2025-02-07T17:02:03","slug":"face-to-face-basic-level","status":"publish","type":"product","link":"https:\/\/handylanguagec.com\/en\/product\/face-to-face-basic-level\/","title":{"rendered":"Face-to-face Classes Basic level"},"content":{"rendered":"<p>\u00bfQuieres dar el primer paso para dominar el ingl\u00e9s? \u00a1Este es tu momento! En HLC te ofrecemos un programa dise\u00f1ado especialmente para ti, con 16 clases por mes durante 4 meses que te dar\u00e1n las bases que necesitas para comenzar a comunicarte en ingl\u00e9s.<\/p>\n<p>&nbsp;<\/p>\n<p class=\"whitespace-pre-wrap break-words\"><strong>Lo que incluye:<\/strong><\/p>\n<ul class=\"[&amp;:not(:last-child)_ul]:pb-1 [&amp;:not(:last-child)_ol]:pb-1 list-disc space-y-1.5 pl-7\">\n<li class=\"whitespace-normal break-words\">16 clases por mes de hora y media cada una durante 4 meses (total 64 clases)<\/li>\n<li class=\"whitespace-normal break-words\">Material de estudio exclusivo de HLC para nivel principiante<\/li>\n<li class=\"whitespace-normal break-words\">Inscripci\u00f3n (enrollment fee)<\/li>\n<li class=\"whitespace-normal break-words\">Grupos reducidos (m\u00e1ximo 18 estudiantes)<\/li>\n<li class=\"whitespace-normal break-words\">Aprender\u00e1s c\u00f3mo comunicarte en situaciones de la vida real: ir al doctor, hacer compras, \u00a1y m\u00e1s!<\/li>\n<\/ul>\n<p>&nbsp;<\/p>\n<p class=\"whitespace-pre-wrap break-words\"><strong>Flexibilidad Total:<\/strong><\/p>\n<ul class=\"[&amp;:not(:last-child)_ul]:pb-1 [&amp;:not(:last-child)_ol]:pb-1 list-disc space-y-1.5 pl-7\">\n<li class=\"whitespace-normal break-words\">Clases presenciales en nuestras sedes de Katy y Wollowbrook<\/li>\n<li class=\"whitespace-normal break-words\">Elige el horario que mejor te funcione:\n<ul class=\"[&amp;:not(:last-child)_ul]:pb-1 [&amp;:not(:last-child)_ol]:pb-1 list-disc space-y-1.5 pl-7\">\n<li class=\"whitespace-normal break-words\">Lunes a jueves: 6 horas semanales<\/li>\n<li class=\"whitespace-normal break-words\">S\u00e1bados o domingos: 4 horas intensivas<\/li>\n<\/ul>\n<\/li>\n<\/ul>\n<p>&nbsp;<\/p>\n<p>En HLC no solo ense\u00f1amos ingl\u00e9s, \u00a1te damos las herramientas para triunfar! Ya sea para mejorar en tu trabajo, conseguir un ascenso o simplemente comunicarte mejor en tu d\u00eda a d\u00eda, estamos aqu\u00ed para apoyarte en cada paso del camino.<\/p>\n","protected":false},"excerpt":{"rendered":"<p>Start your way to English with 16 classes in 4 months, material included and small groups. Learn everyday situations with our personalized methodology, in face-to-face mode.<\/p>","protected":false},"featured_media":2847,"comment_status":"open","ping_status":"closed","template":"","meta":[],"product_brand":[],"product_cat":[78],"product_tag":[72,77,73,71,76,74,75],"class_list":{"0":"post-1697","1":"product","2":"type-product","3":"status-publish","4":"has-post-thumbnail","6":"product_cat-face-to-face-classes","7":"product_tag-basic-level","8":"product_tag-english-classes","9":"product_tag-face-to-face","10":"product_tag-handy-language-center","11":"product_tag-houston","12":"product_tag-katy","13":"product_tag-willowbrook","15":"first","16":"instock","17":"sale","18":"shipping-taxable","19":"purchasable","20":"product-type-simple"},"jetpack_sharing_enabled":true,"_links":{"self":[{"href":"https:\/\/handylanguagec.com\/en\/wp-json\/wp\/v2\/product\/1697","targetHints":{"allow":["GET"]}}],"collection":[{"href":"https:\/\/handylanguagec.com\/en\/wp-json\/wp\/v2\/product"}],"about":[{"href":"https:\/\/handylanguagec.com\/en\/wp-json\/wp\/v2\/types\/product"}],"replies":[{"embeddable":true,"href":"https:\/\/handylanguagec.com\/en\/wp-json\/wp\/v2\/comments?post=1697"}],"wp:featuredmedia":[{"embeddable":true,"href":"https:\/\/handylanguagec.com\/en\/wp-json\/wp\/v2\/media\/2847"}],"wp:attachment":[{"href":"https:\/\/handylanguagec.com\/en\/wp-json\/wp\/v2\/media?parent=1697"}],"wp:term":[{"taxonomy":"product_brand","embeddable":true,"href":"https:\/\/handylanguagec.com\/en\/wp-json\/wp\/v2\/product_brand?post=1697"},{"taxonomy":"product_cat","embeddable":true,"href":"https:\/\/handylanguagec.com\/en\/wp-json\/wp\/v2\/product_cat?post=1697"},{"taxonomy":"product_tag","embeddable":true,"href":"https:\/\/handylanguagec.com\/en\/wp-json\/wp\/v2\/product_tag?post=1697"}],"curies":[{"name":"wp","href":"https:\/\/api.w.org\/{rel}","templated":true}]}}