{"id":1695,"date":"2024-06-10T05:48:24","date_gmt":"2024-06-10T05:48:24","guid":{"rendered":"https:\/\/themexriver.com\/wp\/kadu\/?post_type=product&#038;p=1695"},"modified":"2025-02-07T16:45:54","modified_gmt":"2025-02-07T16:45:54","slug":"face-to-face-intermediate-level","status":"publish","type":"product","link":"https:\/\/handylanguagec.com\/en\/product\/face-to-face-intermediate-level\/","title":{"rendered":"Face-to-face Classes Intermediate level"},"content":{"rendered":"<p class=\"whitespace-pre-wrap break-words\">\u00bfYa tienes bases de ingl\u00e9s pero quieres llevarlo al siguiente nivel? Nuestro programa intermedio te ayudar\u00e1 a ganar m\u00e1s confianza y fluidez en tus conversaciones diarias.<\/p>\n<p class=\"whitespace-pre-wrap break-words\"><strong>Lo que incluye:<\/strong><\/p>\n<ul class=\"[&amp;:not(:last-child)_ul]:pb-1 [&amp;:not(:last-child)_ol]:pb-1 list-disc space-y-1.5 pl-7\">\n<li>16 clases por mes de hora y media cada una durante 5 meses (total 80 clases)<\/li>\n<li class=\"whitespace-normal break-words\">Material de estudio exclusivo de HLC para nivel intermedio<\/li>\n<li class=\"whitespace-normal break-words\">Inscripci\u00f3n incluida<\/li>\n<li class=\"whitespace-normal break-words\">Grupos peque\u00f1os para atenci\u00f3n personalizada<\/li>\n<li class=\"whitespace-normal break-words\">Pr\u00e1ctica enfocada en situaciones laborales y sociales<\/li>\n<\/ul>\n<p>&nbsp;<\/p>\n<p class=\"whitespace-pre-wrap break-words\"><strong>Flexibilidad que se adapta a ti:<\/strong><\/p>\n<ul class=\"[&amp;:not(:last-child)_ul]:pb-1 [&amp;:not(:last-child)_ol]:pb-1 list-disc space-y-1.5 pl-7\">\n<li class=\"whitespace-normal break-words\">Elige entre cualquiera de nuestras dos sedes (Katy o Wollowbrook)<\/li>\n<li class=\"whitespace-normal break-words\">Horarios flexibles entre semana o fines de semana<\/li>\n<li class=\"whitespace-normal break-words\">Metodolog\u00eda pr\u00e1ctica y conversacional<\/li>\n<\/ul>\n<p>&nbsp;<\/p>\n<p>En HLC no solo ense\u00f1amos ingl\u00e9s, \u00a1te damos las herramientas para triunfar! Ya sea para mejorar en tu trabajo, conseguir un ascenso o simplemente comunicarte mejor en tu d\u00eda a d\u00eda, estamos aqu\u00ed para apoyarte en cada paso del camino.<\/p>\n","protected":false},"excerpt":{"rendered":"<p>Improve your fluency with 20 classes in 5 months, specialized material included. Practice in small groups focusing on work and social situations, with flexible schedules and modalities.<\/p>","protected":false},"featured_media":2849,"comment_status":"open","ping_status":"closed","template":"","meta":[],"product_brand":[],"product_cat":[78],"product_tag":[77,73,71,76,79,74,75],"class_list":{"0":"post-1695","1":"product","2":"type-product","3":"status-publish","4":"has-post-thumbnail","6":"product_cat-face-to-face-classes","7":"product_tag-english-classes","8":"product_tag-face-to-face","9":"product_tag-handy-language-center","10":"product_tag-houston","11":"product_tag-intermediate-leve","12":"product_tag-katy","13":"product_tag-willowbrook","15":"first","16":"instock","17":"sale","18":"virtual","19":"purchasable","20":"product-type-simple"},"jetpack_sharing_enabled":true,"_links":{"self":[{"href":"https:\/\/handylanguagec.com\/en\/wp-json\/wp\/v2\/product\/1695","targetHints":{"allow":["GET"]}}],"collection":[{"href":"https:\/\/handylanguagec.com\/en\/wp-json\/wp\/v2\/product"}],"about":[{"href":"https:\/\/handylanguagec.com\/en\/wp-json\/wp\/v2\/types\/product"}],"replies":[{"embeddable":true,"href":"https:\/\/handylanguagec.com\/en\/wp-json\/wp\/v2\/comments?post=1695"}],"wp:featuredmedia":[{"embeddable":true,"href":"https:\/\/handylanguagec.com\/en\/wp-json\/wp\/v2\/media\/2849"}],"wp:attachment":[{"href":"https:\/\/handylanguagec.com\/en\/wp-json\/wp\/v2\/media?parent=1695"}],"wp:term":[{"taxonomy":"product_brand","embeddable":true,"href":"https:\/\/handylanguagec.com\/en\/wp-json\/wp\/v2\/product_brand?post=1695"},{"taxonomy":"product_cat","embeddable":true,"href":"https:\/\/handylanguagec.com\/en\/wp-json\/wp\/v2\/product_cat?post=1695"},{"taxonomy":"product_tag","embeddable":true,"href":"https:\/\/handylanguagec.com\/en\/wp-json\/wp\/v2\/product_tag?post=1695"}],"curies":[{"name":"wp","href":"https:\/\/api.w.org\/{rel}","templated":true}]}}