{"id":1688,"date":"2024-06-10T05:45:29","date_gmt":"2024-06-10T05:45:29","guid":{"rendered":"https:\/\/themexriver.com\/wp\/kadu\/?post_type=product&#038;p=1688"},"modified":"2025-02-07T16:46:12","modified_gmt":"2025-02-07T16:46:12","slug":"face-to-face-classes-advanced-level","status":"publish","type":"product","link":"https:\/\/handylanguagec.com\/en\/product\/face-to-face-classes-advanced-level\/","title":{"rendered":"Face-to-face Classes &#8211; Advanced level"},"content":{"rendered":"<p class=\"whitespace-pre-wrap break-words\">\u00bfListo para perfeccionar tu ingl\u00e9s? En este nivel, te ayudaremos a pulir tu dominio del idioma para que puedas desenvolverte con total seguridad en cualquier situaci\u00f3n.<\/p>\n<p class=\"whitespace-pre-wrap break-words\"><strong>Lo que incluye:<\/strong><\/p>\n<ul class=\"[&amp;:not(:last-child)_ul]:pb-1 [&amp;:not(:last-child)_ol]:pb-1 list-disc space-y-1.5 pl-7\">\n<li>16 clases por mes de hora y media cada una durante 4 meses (total 64 clases)<\/li>\n<li class=\"whitespace-normal break-words\">Material avanzado exclusivo de HLC<\/li>\n<li class=\"whitespace-normal break-words\">Inscripci\u00f3n incluida<\/li>\n<li class=\"whitespace-normal break-words\">Grupos reducidos para maximizar tu participaci\u00f3n<\/li>\n<li class=\"whitespace-normal break-words\">Enfoque en vocabulario profesional y expresiones avanzadas<\/li>\n<\/ul>\n<p>&nbsp;<\/p>\n<p class=\"whitespace-pre-wrap break-words\"><strong>Flexibilidad y conveniencia:<\/strong><\/p>\n<ul class=\"[&amp;:not(:last-child)_ul]:pb-1 [&amp;:not(:last-child)_ol]:pb-1 list-disc space-y-1.5 pl-7\">\n<li class=\"whitespace-normal break-words\">Modalidad presencial en cualquiera de nuestras dos sedes (Willowbrook, Katy)<\/li>\n<li class=\"whitespace-normal break-words\">Horarios adaptables a tu agenda, matutinos y vespertinos<\/li>\n<li class=\"whitespace-normal break-words\">Pr\u00e1ctica intensiva para mejorar tu pronunciaci\u00f3n y fluidez<\/li>\n<\/ul>\n<p>&nbsp;<\/p>\n<p>En HLC no solo ense\u00f1amos ingl\u00e9s, \u00a1te damos las herramientas para triunfar! Ya sea para mejorar en tu trabajo, conseguir un ascenso o simplemente comunicarte mejor en tu d\u00eda a d\u00eda, estamos aqu\u00ed para apoyarte en cada paso del camino.<\/p>\n","protected":false},"excerpt":{"rendered":"<p>Improve your English with 16 classes in 4 months, advanced material included. Raise your professional level in small groups, with the option of face-to-face or online classes.<\/p>","protected":false},"featured_media":2851,"comment_status":"open","ping_status":"closed","template":"","meta":[],"product_brand":[],"product_cat":[78],"product_tag":[80,77,73,71,76,74,75],"class_list":{"0":"post-1688","1":"product","2":"type-product","3":"status-publish","4":"has-post-thumbnail","6":"product_cat-face-to-face-classes","7":"product_tag-advanced-level","8":"product_tag-english-classes","9":"product_tag-face-to-face","10":"product_tag-handy-language-center","11":"product_tag-houston","12":"product_tag-katy","13":"product_tag-willowbrook","15":"first","16":"instock","17":"sale","18":"virtual","19":"purchasable","20":"product-type-simple"},"jetpack_sharing_enabled":true,"_links":{"self":[{"href":"https:\/\/handylanguagec.com\/en\/wp-json\/wp\/v2\/product\/1688","targetHints":{"allow":["GET"]}}],"collection":[{"href":"https:\/\/handylanguagec.com\/en\/wp-json\/wp\/v2\/product"}],"about":[{"href":"https:\/\/handylanguagec.com\/en\/wp-json\/wp\/v2\/types\/product"}],"replies":[{"embeddable":true,"href":"https:\/\/handylanguagec.com\/en\/wp-json\/wp\/v2\/comments?post=1688"}],"wp:featuredmedia":[{"embeddable":true,"href":"https:\/\/handylanguagec.com\/en\/wp-json\/wp\/v2\/media\/2851"}],"wp:attachment":[{"href":"https:\/\/handylanguagec.com\/en\/wp-json\/wp\/v2\/media?parent=1688"}],"wp:term":[{"taxonomy":"product_brand","embeddable":true,"href":"https:\/\/handylanguagec.com\/en\/wp-json\/wp\/v2\/product_brand?post=1688"},{"taxonomy":"product_cat","embeddable":true,"href":"https:\/\/handylanguagec.com\/en\/wp-json\/wp\/v2\/product_cat?post=1688"},{"taxonomy":"product_tag","embeddable":true,"href":"https:\/\/handylanguagec.com\/en\/wp-json\/wp\/v2\/product_tag?post=1688"}],"curies":[{"name":"wp","href":"https:\/\/api.w.org\/{rel}","templated":true}]}}