{"id":1097,"date":"2024-06-07T05:15:40","date_gmt":"2024-06-07T05:15:40","guid":{"rendered":"https:\/\/themexriver.com\/wp\/kadu\/?post_type=product&#038;p=1097"},"modified":"2025-02-07T16:47:05","modified_gmt":"2025-02-07T16:47:05","slug":"online-classes-intermediate-level","status":"publish","type":"product","link":"https:\/\/handylanguagec.com\/en\/product\/online-classes-intermediate-level\/","title":{"rendered":"Online Classes &#8211; Intermediate level"},"content":{"rendered":"<h2 class=\"text-xl font-bold text-text-200 mt-1 -mb-0.5\">Ingl\u00e9s Intermedio (Nivel Intermediate)<\/h2>\n<p class=\"whitespace-pre-wrap break-words\">\u00bfYa tienes bases de ingl\u00e9s pero quieres llevarlo al siguiente nivel? Nuestro programa intermedio te ayudar\u00e1 a ganar m\u00e1s confianza y fluidez en tus conversaciones diarias.<\/p>\n<p class=\"whitespace-pre-wrap break-words\"><strong>Lo que incluye:<\/strong><\/p>\n<ul class=\"[&amp;:not(:last-child)_ul]:pb-1 [&amp;:not(:last-child)_ol]:pb-1 list-disc space-y-1.5 pl-7\">\n<li>16 clases por mes de hora y media cada una durante 5 meses (total 80 clases)<\/li>\n<li class=\"whitespace-normal break-words\">Material de estudio exclusivo de HLC para nivel intermedio<\/li>\n<li class=\"whitespace-normal break-words\">Inscripci\u00f3n incluida<\/li>\n<li class=\"whitespace-normal break-words\">Grupos peque\u00f1os para atenci\u00f3n personalizada<\/li>\n<li class=\"whitespace-normal break-words\">Pr\u00e1ctica enfocada en situaciones laborales y sociales<\/li>\n<\/ul>\n<p>&nbsp;<\/p>\n<p class=\"whitespace-pre-wrap break-words\"><strong>Flexibilidad que se adapta a ti:<\/strong><\/p>\n<ul class=\"[&amp;:not(:last-child)_ul]:pb-1 [&amp;:not(:last-child)_ol]:pb-1 list-disc space-y-1.5 pl-7\">\n<li class=\"whitespace-normal break-words\">Clases online desde la comodidad de tu hogar u oficina<\/li>\n<li class=\"whitespace-normal break-words\">Horarios flexibles entre semana o fines de semana<\/li>\n<li class=\"whitespace-normal break-words\">Metodolog\u00eda pr\u00e1ctica y conversacional<\/li>\n<\/ul>\n<p>&nbsp;<\/p>\n<p>En HLC no solo ense\u00f1amos ingl\u00e9s, \u00a1te damos las herramientas para triunfar! Ya sea para mejorar en tu trabajo, conseguir un ascenso o simplemente comunicarte mejor en tu d\u00eda a d\u00eda, estamos aqu\u00ed para apoyarte en cada paso del camino.<\/p>\n","protected":false},"excerpt":{"rendered":"<p>Improve your fluency with 20 classes in 5 months, specialized material included. Practice in small groups focusing on work and social situations, with flexible schedules and modalities.<\/p>","protected":false},"featured_media":2855,"comment_status":"open","ping_status":"closed","template":"","meta":[],"product_brand":[],"product_cat":[81],"product_tag":[77,71,68,82],"class_list":{"0":"post-1097","1":"product","2":"type-product","3":"status-publish","4":"has-post-thumbnail","6":"product_cat-online-classes","7":"product_tag-english-classes","8":"product_tag-handy-language-center","9":"product_tag-hlc","10":"product_tag-online-classes","12":"first","13":"instock","14":"sale","15":"virtual","16":"purchasable","17":"product-type-simple"},"jetpack_sharing_enabled":true,"_links":{"self":[{"href":"https:\/\/handylanguagec.com\/en\/wp-json\/wp\/v2\/product\/1097","targetHints":{"allow":["GET"]}}],"collection":[{"href":"https:\/\/handylanguagec.com\/en\/wp-json\/wp\/v2\/product"}],"about":[{"href":"https:\/\/handylanguagec.com\/en\/wp-json\/wp\/v2\/types\/product"}],"replies":[{"embeddable":true,"href":"https:\/\/handylanguagec.com\/en\/wp-json\/wp\/v2\/comments?post=1097"}],"wp:featuredmedia":[{"embeddable":true,"href":"https:\/\/handylanguagec.com\/en\/wp-json\/wp\/v2\/media\/2855"}],"wp:attachment":[{"href":"https:\/\/handylanguagec.com\/en\/wp-json\/wp\/v2\/media?parent=1097"}],"wp:term":[{"taxonomy":"product_brand","embeddable":true,"href":"https:\/\/handylanguagec.com\/en\/wp-json\/wp\/v2\/product_brand?post=1097"},{"taxonomy":"product_cat","embeddable":true,"href":"https:\/\/handylanguagec.com\/en\/wp-json\/wp\/v2\/product_cat?post=1097"},{"taxonomy":"product_tag","embeddable":true,"href":"https:\/\/handylanguagec.com\/en\/wp-json\/wp\/v2\/product_tag?post=1097"}],"curies":[{"name":"wp","href":"https:\/\/api.w.org\/{rel}","templated":true}]}}