{"id":1096,"date":"2024-06-07T05:15:26","date_gmt":"2024-06-07T05:15:26","guid":{"rendered":"https:\/\/themexriver.com\/wp\/kadu\/?post_type=product&#038;p=1096"},"modified":"2025-02-07T16:47:20","modified_gmt":"2025-02-07T16:47:20","slug":"online-classes-advanced-level","status":"publish","type":"product","link":"https:\/\/handylanguagec.com\/en\/product\/online-classes-advanced-level\/","title":{"rendered":"Online Classes &#8211; Advanced Level"},"content":{"rendered":"<p class=\"whitespace-pre-wrap break-words\">\u00bfListo para perfeccionar tu ingl\u00e9s? En este nivel, te ayudaremos a pulir tu dominio del idioma para que puedas desenvolverte con total seguridad en cualquier situaci\u00f3n.<\/p>\n<p class=\"whitespace-pre-wrap break-words\"><strong>Lo que incluye:<\/strong><\/p>\n<ul class=\"[&amp;:not(:last-child)_ul]:pb-1 [&amp;:not(:last-child)_ol]:pb-1 list-disc space-y-1.5 pl-7\">\n<li>16 clases por mes de hora y media cada una durante 4 meses (total 64 clases)<\/li>\n<li class=\"whitespace-normal break-words\">Material avanzado exclusivo de HLC<\/li>\n<li class=\"whitespace-normal break-words\">Inscripci\u00f3n incluida<\/li>\n<li class=\"whitespace-normal break-words\">Grupos reducidos para maximizar tu participaci\u00f3n<\/li>\n<li class=\"whitespace-normal break-words\">Enfoque en vocabulario profesional y expresiones avanzadas<\/li>\n<\/ul>\n<p>&nbsp;<\/p>\n<p class=\"whitespace-pre-wrap break-words\"><strong>Flexibilidad y conveniencia:<\/strong><\/p>\n<ul class=\"[&amp;:not(:last-child)_ul]:pb-1 [&amp;:not(:last-child)_ol]:pb-1 list-disc space-y-1.5 pl-7\">\n<li class=\"whitespace-normal break-words\">Modalidad online desde la comodidad de tu hogar u oficina.<\/li>\n<li class=\"whitespace-normal break-words\">Horarios adaptables a tu agenda<\/li>\n<li class=\"whitespace-normal break-words\">Pr\u00e1ctica intensiva para mejorar tu pronunciaci\u00f3n y fluidezPerfecciona tu ingl\u00e9s con 16 clases en 4 meses, material avanzado incluido. Eleva tu nivel profesional en grupos reducidos.<\/li>\n<\/ul>\n<p>&nbsp;<\/p>\n<p>En HLC no solo ense\u00f1amos ingl\u00e9s, \u00a1te damos las herramientas para triunfar! Ya sea para mejorar en tu trabajo, conseguir un ascenso o simplemente comunicarte mejor en tu d\u00eda a d\u00eda, estamos aqu\u00ed para apoyarte en cada paso del camino.<\/p>\n","protected":false},"excerpt":{"rendered":"<p>Improve your English with 16 classes in 4 months, advanced material included. Raise your professional level in small groups, with the option of face-to-face or online classes.<\/p>","protected":false},"featured_media":2857,"comment_status":"open","ping_status":"closed","template":"","meta":[],"product_brand":[],"product_cat":[81],"product_tag":[77,71,68,82],"class_list":{"0":"post-1096","1":"product","2":"type-product","3":"status-publish","4":"has-post-thumbnail","6":"product_cat-online-classes","7":"product_tag-english-classes","8":"product_tag-handy-language-center","9":"product_tag-hlc","10":"product_tag-online-classes","12":"first","13":"instock","14":"sale","15":"virtual","16":"purchasable","17":"product-type-simple"},"jetpack_sharing_enabled":true,"_links":{"self":[{"href":"https:\/\/handylanguagec.com\/en\/wp-json\/wp\/v2\/product\/1096","targetHints":{"allow":["GET"]}}],"collection":[{"href":"https:\/\/handylanguagec.com\/en\/wp-json\/wp\/v2\/product"}],"about":[{"href":"https:\/\/handylanguagec.com\/en\/wp-json\/wp\/v2\/types\/product"}],"replies":[{"embeddable":true,"href":"https:\/\/handylanguagec.com\/en\/wp-json\/wp\/v2\/comments?post=1096"}],"wp:featuredmedia":[{"embeddable":true,"href":"https:\/\/handylanguagec.com\/en\/wp-json\/wp\/v2\/media\/2857"}],"wp:attachment":[{"href":"https:\/\/handylanguagec.com\/en\/wp-json\/wp\/v2\/media?parent=1096"}],"wp:term":[{"taxonomy":"product_brand","embeddable":true,"href":"https:\/\/handylanguagec.com\/en\/wp-json\/wp\/v2\/product_brand?post=1096"},{"taxonomy":"product_cat","embeddable":true,"href":"https:\/\/handylanguagec.com\/en\/wp-json\/wp\/v2\/product_cat?post=1096"},{"taxonomy":"product_tag","embeddable":true,"href":"https:\/\/handylanguagec.com\/en\/wp-json\/wp\/v2\/product_tag?post=1096"}],"curies":[{"name":"wp","href":"https:\/\/api.w.org\/{rel}","templated":true}]}}