{"id":2797,"date":"2024-11-12T18:28:51","date_gmt":"2024-11-12T18:28:51","guid":{"rendered":"https:\/\/handylanguagec.com\/?page_id=2797"},"modified":"2024-11-16T03:53:41","modified_gmt":"2024-11-16T03:53:41","slug":"terms-and-conditions","status":"publish","type":"page","link":"https:\/\/handylanguagec.com\/en\/terms-and-conditions\/","title":{"rendered":"Terms and Conditions"},"content":{"rendered":"<div data-elementor-type=\"wp-page\" data-elementor-id=\"2797\" class=\"elementor elementor-2797\">\n\t\t\t\t<div class=\"elementor-element elementor-element-1de6229 e-flex e-con-boxed e-con e-parent\" data-id=\"1de6229\" data-element_type=\"container\" data-e-type=\"container\">\n\t\t\t\t\t<div class=\"e-con-inner\">\n\t\t\t\t<div class=\"elementor-element elementor-element-8f0be26 elementor-widget elementor-widget-heading\" data-id=\"8f0be26\" data-element_type=\"widget\" data-e-type=\"widget\" data-widget_type=\"heading.default\">\n\t\t\t\t<div class=\"elementor-widget-container\">\n\t\t\t\t\t<h2 class=\"elementor-heading-title elementor-size-default\"><h2 style=\"font-family: Roboto, sans-serif;font-weight: 500;line-height: 1.2;font-size: 2rem;margin-right: 0px;margin-bottom: 0px;margin-left: 0px\">T\u00e9rminos y Condiciones de Uso\/Terms and Conditions of Use<span style=\"font-family: var( --e-global-typography-primary-font-family ), Sans-serif;font-size: 55px;font-weight: var( --e-global-typography-primary-font-weight );text-align: var(--text-align);background-color: var(--bs-body-bg)\"><\/span><\/h2><\/h2>\t\t\t\t<\/div>\n\t\t\t\t<\/div>\n\t\t\t\t\t<\/div>\n\t\t\t\t<\/div>\n\t\t<div class=\"elementor-element elementor-element-7838104 e-flex e-con-boxed e-con e-parent\" data-id=\"7838104\" data-element_type=\"container\" data-e-type=\"container\">\n\t\t\t\t\t<div class=\"e-con-inner\">\n\t\t\t\t<div class=\"elementor-element elementor-element-a50c14c elementor-widget elementor-widget-text-editor\" data-id=\"a50c14c\" data-element_type=\"widget\" data-e-type=\"widget\" data-widget_type=\"text-editor.default\">\n\t\t\t\t<div class=\"elementor-widget-container\">\n\t\t\t\t\t\t\t\t\t<p><b>\u00daltima actualizaci\u00f3n:<\/b>\u00a0Noviembre 2024<\/p><p><b>1. Aceptaci\u00f3n de los T\u00e9rminos<\/b><\/p><p>Al acceder y utilizar este sitio web (\u201chttps:\/\/handylanguagec.com\/\u201d), propiedad de Handy Language Center LLC, est\u00e1s aceptando los presentes T\u00e9rminos y Condiciones de Uso. Si no aceptas estos t\u00e9rminos, por favor, no utilices nuestro sitio ni nuestros servicios.<\/p><p><b>2. Descripci\u00f3n de los Servicios<\/b><\/p><p>Este sitio proporciona informaci\u00f3n relacionada con estudiar el idioma ingl\u00e9s ya sea en modalidad presencial u online para niveles B\u00e1sico, intermedio, avanzado y certificaciones. Toda la informaci\u00f3n proporcionada es de car\u00e1cter informativo y no aceptamos por este medio electr\u00f3nico ning\u00fan tipo de pago ya sea por inscripci\u00f3n, mensualidad, compra de material o alg\u00fan otro recurso. Todos los pagos deber\u00e1n consultarse directamente en cualquiera de nuestras dos instalaciones ya sea en Katy (16365 Park Ten Pl, Houston, Texas 77084) o Willowbrook (7915 Farm to Market 1960 Rd W Suite 100, Houston, Tx. 77064. Los costos tambi\u00e9n ser\u00e1n brindados por alguno de nuestros asesores de ventas o directamente en Frontdesk de nuestras dos sedes.<\/p><p><b>3. Uso Aceptable<\/b><\/p><p>El uso de este sitio es para obtener informaci\u00f3n sobre planes de estudio del idioma ingl\u00e9s y recibir asesor\u00eda personalizada. No debes utilizar el sitio para:<\/p><ul><li>Cualquier actividad ilegal o no autorizada.<\/li><li>Distribuir malware, virus o cualquier otro software malicioso.<\/li><li>Acceder o intentar acceder a \u00e1reas restringidas del sitio sin autorizaci\u00f3n.<\/li><li>\u00a0<\/li><\/ul><p><b>4. Exenci\u00f3n de Responsabilidad<\/b><\/p><p>Los materiales y la informaci\u00f3n contenida en este sitio web se proporcionan \u201ctal cual\u201d, sin ninguna garant\u00eda expresa o impl\u00edcita. Aunque nos esforzamos por mantener la informaci\u00f3n actualizada y precisa, no garantizamos la exactitud, integridad o adecuaci\u00f3n de dicha informaci\u00f3n. No somos responsables por ninguna decisi\u00f3n basada en la informaci\u00f3n presentada en el sitio web.<\/p><p><b>5. Enlaces a Terceros<\/b><\/p><p>Este sitio puede contener enlaces a sitios web de terceros. No tenemos control sobre el contenido ni las pol\u00edticas de privacidad de esos sitios, y no nos hacemos responsables por los productos, servicios o informaci\u00f3n que proporcionen.<\/p><p><b>6. Modificaciones a los T\u00e9rminos y Condiciones<\/b><\/p><p>Nos reservamos el derecho de modificar estos T\u00e9rminos y Condiciones en cualquier momento. Las modificaciones entrar\u00e1n en vigor tan pronto como se publiquen en este sitio. Es responsabilidad del usuario revisar los T\u00e9rminos peri\u00f3dicamente. Al inicio de esta p\u00e1gina vendr\u00e1 la fecha de actualizaci\u00f3n y\/o \u00faltima versi\u00f3n del documento.<\/p><p><b>7. Protecci\u00f3n de Datos y Privacidad<\/b><\/p><p>Tu privacidad es importante para nosotros. Por favor, consulta nuestras Pol\u00edtica de Privacidad para m\u00e1s detalles sobre c\u00f3mo manejamos tu informaci\u00f3n personal.<\/p><p><b>8. Limitaci\u00f3n de responsabilidad<\/b><\/p><p>Bajo ninguna circunstancia Handy Language Center ser\u00e1 responsable de ning\u00fan da\u00f1o directo, indirecto, incidental, especial o consecuente que resulte del uso o incapacidad de usar este sitio, incluso si hemos sido advertidos de la posibilidad de tales da\u00f1os.<\/p><p><b>9. Jurisdicci\u00f3n<\/b><\/p><p>Estos T\u00e9rminos y Condiciones se regir\u00e1n e interpretar\u00e1n de acuerdo con las leyes del Estado de Texas y cualquier disputa se resolver\u00e1 en los tribunales competentes de Houston\/Texas.<\/p><p>Si alguna disposici\u00f3n de estas Condiciones de Uso se considerara inv\u00e1lida, ilegal o, por cualquier motivo, inaplicable, la disposici\u00f3n inv\u00e1lida, ilegal o inaplicable se separar\u00e1 del resto de disposiciones. Dicha disposici\u00f3n inv\u00e1lida, ilegal o inaplicable no afectar\u00e1 a la validez o aplicabilidad de las disposiciones restantes.<\/p><p><b>10. Contacto<\/b><\/p><p>Si tienes alguna pregunta sobre estos T\u00e9rminos y Condiciones, puedes contactarnos a trav\u00e9s de\u00a0<b>contacto@handylanguagec.com<\/b><\/p><p><b>Terms and Conditions of Use<\/b><br \/><b>Last Updated:<\/b>\u00a0November 2024<\/p><p><b>1. Acceptance of the Terms<\/b><br \/>\u00a0By accessing and using this website (\u201chttps:\/\/handylanguagec.com\/\u201d), owned by Handy Language Center LLC, you agree to these Terms and Conditions of Use. If you do not agree to these terms, please do not use our site or services.<\/p><p><b>2. Description of Services<\/b><br \/>This site provides information related to studying the English language either in classroom or online for Basic, Intermediate, Advanced levels and certifications. All information provided is for informational purposes only and we do not accept any type of payment for enrollment, monthly fees, purchase of materials or any other resource. All payments must be made directly to either of our two facilities in Katy (16365 Park Ten Pl, Houston, Texas 77084) or Willowbrook (7915 Farm to Market 1960 Rd W Suite 100, Houston, Tx. 77064). Costs will also be provided by one of our sales consultants or directly at Frontdesk at our two locations.<\/p><p><b>3. Acceptable Use<\/b><br \/>The use of this site is to obtain information about English language curricula and to receive personalized counseling. You must not use the site for:<\/p><ul><li>Any illegal or unauthorized activity.<\/li><li>Distribute malware, viruses or any other malicious software.<\/li><li>Access or attempt to access restricted areas of the site without authorization.<\/li><\/ul><p><b>4. Disclaimer of Liability<\/b><br \/>The materials and information contained in this website are provided \u201cas is\u201d without any express or implied warranty. While we endeavor to keep the information up to date and accurate, we do not warrant the accuracy, completeness or adequacy of such information. We are not responsible for any decisions based on information presented on the website.<\/p><p><b>5. Third-Party Links<\/b><br \/>This site may contain links to third-party websites. We have no control over the content or privacy policies of those sites, and are not responsible for the products, services or information they provide.<\/p><p><b>6. Changes to the Terms and Conditions<\/b><br \/>We reserve the right to modify these Terms and Conditions at any time. Modifications will be effective as soon as they are posted on this site. It is the user&#8217;s responsibility to review the Terms periodically. At the top of this page will be the date of update and\/or last version of the document.<\/p><p><b>7. Data Protection and Privacy<\/b><br \/>Your privacy is important to us. Please refer to our Privacy Policy for more details on how we handle your personal information.<\/p><p><b>8. Limitation of Liability<\/b><br \/>Under no circumstances shall Handy Language Center be liable for any direct, indirect, incidental, special, or consequential damages resulting from the use or inability to use this site, even if we have been advised of the possibility of such damages.<\/p><p><b>9. Jurisdiction<\/b><br \/>These Terms and Conditions shall be governed by and construed in accordance with the laws of the State of Texas, and any disputes shall be resolved in the competent courts of Houston, Texas. If any provision of these Terms of Use is found to be invalid, illegal, or unenforceable for any reason, the invalid, illegal, or unenforceable provision shall be severed from the remaining provisions. The invalidity, illegality, or unenforceability shall not affect the validity or enforceability of the remaining provisions.<\/p><p><b>10. Contact<\/b><br \/>If you have any questions about these Terms and Conditions, you can contact us at contacto@handylanguagec.com<\/p>\t\t\t\t\t\t\t\t<\/div>\n\t\t\t\t<\/div>\n\t\t\t\t\t<\/div>\n\t\t\t\t<\/div>\n\t\t\t\t<\/div>","protected":false},"excerpt":{"rendered":"<p>T\u00e9rminos y Condiciones de Uso\/Terms and Conditions of Use \u00daltima actualizaci\u00f3n:\u00a0Noviembre 2024 1. Aceptaci\u00f3n de los T\u00e9rminos Al acceder y utilizar este sitio web (\u201chttps:\/\/handylanguagec.com\/\u201d), propiedad de Handy Language Center LLC, est\u00e1s aceptando los presentes T\u00e9rminos y Condiciones de Uso. Si no aceptas estos t\u00e9rminos, por favor, no utilices nuestro sitio ni nuestros servicios. 2. [&hellip;]<\/p>\n","protected":false},"author":1,"featured_media":0,"parent":0,"menu_order":0,"comment_status":"closed","ping_status":"closed","template":"","meta":{"footnotes":""},"class_list":["post-2797","page","type-page","status-publish","hentry"],"jetpack_sharing_enabled":true,"_links":{"self":[{"href":"https:\/\/handylanguagec.com\/en\/wp-json\/wp\/v2\/pages\/2797","targetHints":{"allow":["GET"]}}],"collection":[{"href":"https:\/\/handylanguagec.com\/en\/wp-json\/wp\/v2\/pages"}],"about":[{"href":"https:\/\/handylanguagec.com\/en\/wp-json\/wp\/v2\/types\/page"}],"author":[{"embeddable":true,"href":"https:\/\/handylanguagec.com\/en\/wp-json\/wp\/v2\/users\/1"}],"replies":[{"embeddable":true,"href":"https:\/\/handylanguagec.com\/en\/wp-json\/wp\/v2\/comments?post=2797"}],"version-history":[{"count":5,"href":"https:\/\/handylanguagec.com\/en\/wp-json\/wp\/v2\/pages\/2797\/revisions"}],"predecessor-version":[{"id":2826,"href":"https:\/\/handylanguagec.com\/en\/wp-json\/wp\/v2\/pages\/2797\/revisions\/2826"}],"wp:attachment":[{"href":"https:\/\/handylanguagec.com\/en\/wp-json\/wp\/v2\/media?parent=2797"}],"curies":[{"name":"wp","href":"https:\/\/api.w.org\/{rel}","templated":true}]}}